{"id":491,"date":"2023-11-29T17:22:22","date_gmt":"2023-11-29T16:22:22","guid":{"rendered":"https:\/\/tychecompany.fr\/?page_id=491"},"modified":"2023-12-20T16:09:08","modified_gmt":"2023-12-20T15:09:08","slug":"mentions-legales","status":"publish","type":"page","link":"http:\/\/tychecompany.fr\/index.php\/mentions-legales\/","title":{"rendered":"Mentions l\u00e9gales"},"content":{"rendered":"\t\t<div data-elementor-type=\"wp-page\" data-elementor-id=\"491\" class=\"elementor elementor-491\">\n\t\t\t\t<div class=\"elementor-element elementor-element-00d5f49 e-flex e-con-boxed wpr-particle-no wpr-jarallax-no wpr-parallax-no wpr-sticky-section-no e-con e-parent\" data-id=\"00d5f49\" data-element_type=\"container\">\n\t\t\t\t\t<div class=\"e-con-inner\">\n\t\t\t\t<div class=\"elementor-element elementor-element-138a8b3 elementor-widget elementor-widget-spacer\" data-id=\"138a8b3\" data-element_type=\"widget\" data-widget_type=\"spacer.default\">\n\t\t\t\t<div class=\"elementor-widget-container\">\n\t\t\t\t\t\t\t<div class=\"elementor-spacer\">\n\t\t\t<div class=\"elementor-spacer-inner\"><\/div>\n\t\t<\/div>\n\t\t\t\t\t\t<\/div>\n\t\t\t\t<\/div>\n\t\t\t\t<div class=\"elementor-element elementor-element-d450aaf elementor-widget elementor-widget-heading\" data-id=\"d450aaf\" data-element_type=\"widget\" data-widget_type=\"heading.default\">\n\t\t\t\t<div class=\"elementor-widget-container\">\n\t\t\t\t\t<h1 class=\"elementor-heading-title elementor-size-default\">Mentions l\u00e9gales<\/h1>\t\t\t\t<\/div>\n\t\t\t\t<\/div>\n\t\t\t\t<div class=\"elementor-element elementor-element-8344c33 elementor-widget elementor-widget-spacer\" data-id=\"8344c33\" data-element_type=\"widget\" data-widget_type=\"spacer.default\">\n\t\t\t\t<div class=\"elementor-widget-container\">\n\t\t\t\t\t\t\t<div class=\"elementor-spacer\">\n\t\t\t<div class=\"elementor-spacer-inner\"><\/div>\n\t\t<\/div>\n\t\t\t\t\t\t<\/div>\n\t\t\t\t<\/div>\n\t\t\t\t<div class=\"elementor-element elementor-element-72b5722 elementor-widget elementor-widget-text-editor\" data-id=\"72b5722\" data-element_type=\"widget\" data-widget_type=\"text-editor.default\">\n\t\t\t\t<div class=\"elementor-widget-container\">\n\t\t\t\t\t\t\t\t\t<p>Ce site internet https:\/\/www.tychecompany.fr est la propri\u00e9t\u00e9 de Tych\u00e9 Company.<\/p>\t\t\t\t\t\t\t\t<\/div>\n\t\t\t\t<\/div>\n\t\t\t\t\t<\/div>\n\t\t\t\t<\/div>\n\t\t<div class=\"elementor-element elementor-element-f5cdd23 e-flex e-con-boxed wpr-particle-no wpr-jarallax-no wpr-parallax-no wpr-sticky-section-no e-con e-parent\" data-id=\"f5cdd23\" data-element_type=\"container\">\n\t\t\t\t\t<div class=\"e-con-inner\">\n\t\t\t\t<div class=\"elementor-element elementor-element-24af9a3 elementor-widget elementor-widget-spacer\" data-id=\"24af9a3\" data-element_type=\"widget\" data-widget_type=\"spacer.default\">\n\t\t\t\t<div class=\"elementor-widget-container\">\n\t\t\t\t\t\t\t<div class=\"elementor-spacer\">\n\t\t\t<div class=\"elementor-spacer-inner\"><\/div>\n\t\t<\/div>\n\t\t\t\t\t\t<\/div>\n\t\t\t\t<\/div>\n\t\t\t\t\t<\/div>\n\t\t\t\t<\/div>\n\t\t<div class=\"elementor-element elementor-element-d70215d e-flex e-con-boxed wpr-particle-no wpr-jarallax-no wpr-parallax-no wpr-sticky-section-no e-con e-parent\" data-id=\"d70215d\" data-element_type=\"container\">\n\t\t\t\t\t<div class=\"e-con-inner\">\n\t\t\t\t<div class=\"elementor-element elementor-element-9dfa8b9 elementor-widget elementor-widget-heading\" data-id=\"9dfa8b9\" data-element_type=\"widget\" data-widget_type=\"heading.default\">\n\t\t\t\t<div class=\"elementor-widget-container\">\n\t\t\t\t\t<h2 class=\"elementor-heading-title elementor-size-default\">Ce site web est la propri\u00e9t\u00e9 de Tych\u00e9 Company :<\/h2>\t\t\t\t<\/div>\n\t\t\t\t<\/div>\n\t\t\t\t<div class=\"elementor-element elementor-element-e2bd18c elementor-widget elementor-widget-spacer\" data-id=\"e2bd18c\" data-element_type=\"widget\" data-widget_type=\"spacer.default\">\n\t\t\t\t<div class=\"elementor-widget-container\">\n\t\t\t\t\t\t\t<div class=\"elementor-spacer\">\n\t\t\t<div class=\"elementor-spacer-inner\"><\/div>\n\t\t<\/div>\n\t\t\t\t\t\t<\/div>\n\t\t\t\t<\/div>\n\t\t\t\t<div class=\"elementor-element elementor-element-78227e2 elementor-widget elementor-widget-text-editor\" data-id=\"78227e2\" data-element_type=\"widget\" data-widget_type=\"text-editor.default\">\n\t\t\t\t<div class=\"elementor-widget-container\">\n\t\t\t\t\t\t\t\t\t<p>SARL TYCHE COMPANY<span style=\"color: var( --e-global-color-text ); font-family: var( --e-global-typography-text-font-family ), Sans-serif; text-align: var(--text-align);\"><br \/><\/span>Adresse de domiciliation de l&#8217;entreprise : ABIDJAN DANS LA COMMUNE DE COCODY RIVIERA 4 CIAD-PRIMO PRES DE LA MOSQUEE lot: 38, ilot: 3 ; 11 BP; 1078 ABIDJAN 11<br \/>Num\u00e9ros de t\u00e9l\u00e9phone :<br \/>&#8211; Meggie : <a href=\"tel:+2250710406449\"><span class=\"OYPEnA text-decoration-none text-strikethrough-none\"><span style=\"text-decoration: underline;\">+ 225 07 10 40 64 49<\/span><\/span><\/a><br \/>&#8211; St\u00e9phanie : <span style=\"text-decoration: underline;\"><a href=\"tel:+2250710859462\"><span class=\"OYPEnA text-decoration-none text-strikethrough-none\">+ 225 07 10 85 94 62<\/span><\/a><\/span><br \/>Adresse mail : <span style=\"text-decoration: underline;\"><a href=\"mailto:contact@tychecompany.fr\"><span class=\"OYPEnA text-decoration-none text-strikethrough-none\">contact@tychecompany.fr<\/span><\/a><\/span><\/p>\t\t\t\t\t\t\t\t<\/div>\n\t\t\t\t<\/div>\n\t\t\t\t\t<\/div>\n\t\t\t\t<\/div>\n\t\t<div class=\"elementor-element elementor-element-ec47dc5 e-flex e-con-boxed wpr-particle-no wpr-jarallax-no wpr-parallax-no wpr-sticky-section-no e-con e-parent\" data-id=\"ec47dc5\" data-element_type=\"container\">\n\t\t\t\t\t<div class=\"e-con-inner\">\n\t\t\t\t<div class=\"elementor-element elementor-element-eaf4227 elementor-widget elementor-widget-spacer\" data-id=\"eaf4227\" data-element_type=\"widget\" data-widget_type=\"spacer.default\">\n\t\t\t\t<div class=\"elementor-widget-container\">\n\t\t\t\t\t\t\t<div class=\"elementor-spacer\">\n\t\t\t<div class=\"elementor-spacer-inner\"><\/div>\n\t\t<\/div>\n\t\t\t\t\t\t<\/div>\n\t\t\t\t<\/div>\n\t\t\t\t\t<\/div>\n\t\t\t\t<\/div>\n\t\t<div class=\"elementor-element elementor-element-2c0ae70 e-flex e-con-boxed wpr-particle-no wpr-jarallax-no wpr-parallax-no wpr-sticky-section-no e-con e-parent\" data-id=\"2c0ae70\" data-element_type=\"container\">\n\t\t\t\t\t<div class=\"e-con-inner\">\n\t\t\t\t<div class=\"elementor-element elementor-element-aa8f12a elementor-widget elementor-widget-heading\" data-id=\"aa8f12a\" data-element_type=\"widget\" data-widget_type=\"heading.default\">\n\t\t\t\t<div class=\"elementor-widget-container\">\n\t\t\t\t\t<h2 class=\"elementor-heading-title elementor-size-default\">Ce site web est la cr\u00e9ation de Bichettes Communication<\/h2>\t\t\t\t<\/div>\n\t\t\t\t<\/div>\n\t\t\t\t<div class=\"elementor-element elementor-element-612545c elementor-widget elementor-widget-spacer\" data-id=\"612545c\" data-element_type=\"widget\" data-widget_type=\"spacer.default\">\n\t\t\t\t<div class=\"elementor-widget-container\">\n\t\t\t\t\t\t\t<div class=\"elementor-spacer\">\n\t\t\t<div class=\"elementor-spacer-inner\"><\/div>\n\t\t<\/div>\n\t\t\t\t\t\t<\/div>\n\t\t\t\t<\/div>\n\t\t\t\t<div class=\"elementor-element elementor-element-ea49dc4 elementor-widget elementor-widget-text-editor\" data-id=\"ea49dc4\" data-element_type=\"widget\" data-widget_type=\"text-editor.default\">\n\t\t\t\t<div class=\"elementor-widget-container\">\n\t\t\t\t\t\t\t\t\t<p>EI Bichettes Communication<br \/>Num\u00e9ro de SIRET : 82224249100030<br \/>Adresse de domiciliation de l&#8217;entreprise : 170 Avenue du col de l&#8217;Ange, 13420 G\u00e9menos<br \/>Num\u00e9ro de t\u00e9l\u00e9phone : 06 27 66 13 85<br \/>Adresse mail : hello@bichettescommunication.fr<\/p>\t\t\t\t\t\t\t\t<\/div>\n\t\t\t\t<\/div>\n\t\t\t\t\t<\/div>\n\t\t\t\t<\/div>\n\t\t<div class=\"elementor-element elementor-element-0c5e45d e-flex e-con-boxed wpr-particle-no wpr-jarallax-no wpr-parallax-no wpr-sticky-section-no e-con e-parent\" data-id=\"0c5e45d\" data-element_type=\"container\">\n\t\t\t\t\t<div class=\"e-con-inner\">\n\t\t\t\t<div class=\"elementor-element elementor-element-229ba41 elementor-widget elementor-widget-spacer\" data-id=\"229ba41\" data-element_type=\"widget\" data-widget_type=\"spacer.default\">\n\t\t\t\t<div class=\"elementor-widget-container\">\n\t\t\t\t\t\t\t<div class=\"elementor-spacer\">\n\t\t\t<div class=\"elementor-spacer-inner\"><\/div>\n\t\t<\/div>\n\t\t\t\t\t\t<\/div>\n\t\t\t\t<\/div>\n\t\t\t\t\t<\/div>\n\t\t\t\t<\/div>\n\t\t<div class=\"elementor-element elementor-element-8c616a2 e-flex e-con-boxed wpr-particle-no wpr-jarallax-no wpr-parallax-no wpr-sticky-section-no e-con e-parent\" data-id=\"8c616a2\" data-element_type=\"container\">\n\t\t\t\t\t<div class=\"e-con-inner\">\n\t\t\t\t<div class=\"elementor-element elementor-element-0387184 elementor-widget elementor-widget-heading\" data-id=\"0387184\" data-element_type=\"widget\" data-widget_type=\"heading.default\">\n\t\t\t\t<div class=\"elementor-widget-container\">\n\t\t\t\t\t<h2 class=\"elementor-heading-title elementor-size-default\">Ce site internet est h\u00e9berg\u00e9 par la soci\u00e9t\u00e9 OVH<\/h2>\t\t\t\t<\/div>\n\t\t\t\t<\/div>\n\t\t\t\t<div class=\"elementor-element elementor-element-7f4a17e elementor-widget elementor-widget-spacer\" data-id=\"7f4a17e\" data-element_type=\"widget\" data-widget_type=\"spacer.default\">\n\t\t\t\t<div class=\"elementor-widget-container\">\n\t\t\t\t\t\t\t<div class=\"elementor-spacer\">\n\t\t\t<div class=\"elementor-spacer-inner\"><\/div>\n\t\t<\/div>\n\t\t\t\t\t\t<\/div>\n\t\t\t\t<\/div>\n\t\t\t\t<div class=\"elementor-element elementor-element-e6d4833 elementor-widget elementor-widget-text-editor\" data-id=\"e6d4833\" data-element_type=\"widget\" data-widget_type=\"text-editor.default\">\n\t\t\t\t<div class=\"elementor-widget-container\">\n\t\t\t\t\t\t\t\t\t<p>Il est h\u00e9berg\u00e9 par la soci\u00e9t\u00e9 OVH<br>Site web : <a href=\"https:\/\/www.ovhcloud.com\/fr\/\" target=\"_blank\" rel=\"noopener\">www.ovhcloud.com<\/a><br>SAS immatricul\u00e9e au RCS de Lille : 424 761 419 0045<br>Si\u00e8ge social : 2 rue Kellermann, 59100 Roubaix, France<br>Num\u00e9ro de t\u00e9l\u00e9phone : <a href=\"tel:+33972101007\">09 72 10 10 07<\/a><\/p>\t\t\t\t\t\t\t\t<\/div>\n\t\t\t\t<\/div>\n\t\t\t\t\t<\/div>\n\t\t\t\t<\/div>\n\t\t\t\t<\/div>\n\t\t","protected":false},"excerpt":{"rendered":"<p>Mentions l\u00e9gales Ce site internet https:\/\/www.tychecompany.fr est la propri\u00e9t\u00e9 de Tych\u00e9 Company. Ce site web est la propri\u00e9t\u00e9 de Tych\u00e9 Company : SARL TYCHE COMPANYAdresse de domiciliation de l&#8217;entreprise : ABIDJAN DANS LA COMMUNE DE COCODY RIVIERA 4 CIAD-PRIMO PRES DE LA MOSQUEE lot: 38, ilot: 3 ; 11 BP; 1078 ABIDJAN 11Num\u00e9ros de t\u00e9l\u00e9phone :&#8211; Meggie : + 225 07 10 40 64 49&#8211; St\u00e9phanie : + 225 07 10 85 94 62Adresse mail : contact@tychecompany.fr Ce site web est la cr\u00e9ation de Bichettes Communication EI Bichettes CommunicationNum\u00e9ro de SIRET : 82224249100030Adresse de domiciliation de l&#8217;entreprise : 170 Avenue du col de l&#8217;Ange, 13420 G\u00e9menosNum\u00e9ro de t\u00e9l\u00e9phone : 06 27 66 13 85Adresse mail : hello@bichettescommunication.fr Ce site internet est h\u00e9berg\u00e9 par la soci\u00e9t\u00e9 OVH Il est h\u00e9berg\u00e9 par la soci\u00e9t\u00e9 OVHSite web : www.ovhcloud.comSAS immatricul\u00e9e au RCS de Lille : 424 761 419 0045Si\u00e8ge social : 2 rue Kellermann, 59100 Roubaix, FranceNum\u00e9ro de t\u00e9l\u00e9phone : 09 72 10 10 07<\/p>\n","protected":false},"author":3,"featured_media":0,"parent":0,"menu_order":0,"comment_status":"closed","ping_status":"closed","template":"","meta":{"footnotes":""},"class_list":["post-491","page","type-page","status-publish","hentry"],"yoast_head":"<!-- This site is optimized with the Yoast SEO plugin v24.6 - https:\/\/yoast.com\/wordpress\/plugins\/seo\/ -->\n<title>Mentions l\u00e9gales - Tych\u00e9 Company<\/title>\n<meta name=\"robots\" content=\"noindex, follow\" \/>\n<meta property=\"og:locale\" content=\"en_US\" \/>\n<meta property=\"og:type\" content=\"article\" \/>\n<meta property=\"og:title\" content=\"Mentions l\u00e9gales - Tych\u00e9 Company\" \/>\n<meta property=\"og:description\" content=\"Mentions l\u00e9gales Ce site internet https:\/\/www.tychecompany.fr est la propri\u00e9t\u00e9 de Tych\u00e9 Company. Ce site web est la propri\u00e9t\u00e9 de Tych\u00e9 Company : SARL TYCHE COMPANYAdresse de domiciliation de l&#8217;entreprise : ABIDJAN DANS LA COMMUNE DE COCODY RIVIERA 4 CIAD-PRIMO PRES DE LA MOSQUEE lot: 38, ilot: 3 ; 11 BP; 1078 ABIDJAN 11Num\u00e9ros de t\u00e9l\u00e9phone :&#8211; Meggie : + 225 07 10 40 64 49&#8211; St\u00e9phanie : + 225 07 10 85 94 62Adresse mail : contact@tychecompany.fr Ce site web est la cr\u00e9ation de Bichettes Communication EI Bichettes CommunicationNum\u00e9ro de SIRET : 82224249100030Adresse de domiciliation de l&#8217;entreprise : 170 Avenue du col de l&#8217;Ange, 13420 G\u00e9menosNum\u00e9ro de t\u00e9l\u00e9phone : 06 27 66 13 85Adresse mail : hello@bichettescommunication.fr Ce site internet est h\u00e9berg\u00e9 par la soci\u00e9t\u00e9 OVH Il est h\u00e9berg\u00e9 par la soci\u00e9t\u00e9 OVHSite web : www.ovhcloud.comSAS immatricul\u00e9e au RCS de Lille : 424 761 419 0045Si\u00e8ge social : 2 rue Kellermann, 59100 Roubaix, FranceNum\u00e9ro de t\u00e9l\u00e9phone : 09 72 10 10 07\" \/>\n<meta property=\"og:url\" content=\"http:\/\/tychecompany.fr\/index.php\/mentions-legales\/\" \/>\n<meta property=\"og:site_name\" content=\"Tych\u00e9 Company\" \/>\n<meta property=\"article:modified_time\" content=\"2023-12-20T15:09:08+00:00\" \/>\n<meta name=\"twitter:card\" content=\"summary_large_image\" \/>\n<meta name=\"twitter:label1\" content=\"Est. reading time\" \/>\n\t<meta name=\"twitter:data1\" content=\"1 minute\" \/>\n<script type=\"application\/ld+json\" class=\"yoast-schema-graph\">{\"@context\":\"https:\/\/schema.org\",\"@graph\":[{\"@type\":\"WebPage\",\"@id\":\"http:\/\/tychecompany.fr\/index.php\/mentions-legales\/\",\"url\":\"http:\/\/tychecompany.fr\/index.php\/mentions-legales\/\",\"name\":\"Mentions l\u00e9gales - Tych\u00e9 Company\",\"isPartOf\":{\"@id\":\"https:\/\/tychecompany.fr\/#website\"},\"datePublished\":\"2023-11-29T16:22:22+00:00\",\"dateModified\":\"2023-12-20T15:09:08+00:00\",\"breadcrumb\":{\"@id\":\"http:\/\/tychecompany.fr\/index.php\/mentions-legales\/#breadcrumb\"},\"inLanguage\":\"en-US\",\"potentialAction\":[{\"@type\":\"ReadAction\",\"target\":[\"http:\/\/tychecompany.fr\/index.php\/mentions-legales\/\"]}]},{\"@type\":\"BreadcrumbList\",\"@id\":\"http:\/\/tychecompany.fr\/index.php\/mentions-legales\/#breadcrumb\",\"itemListElement\":[{\"@type\":\"ListItem\",\"position\":1,\"name\":\"Home\",\"item\":\"https:\/\/tychecompany.fr\/\"},{\"@type\":\"ListItem\",\"position\":2,\"name\":\"Mentions l\u00e9gales\"}]},{\"@type\":\"WebSite\",\"@id\":\"https:\/\/tychecompany.fr\/#website\",\"url\":\"https:\/\/tychecompany.fr\/\",\"name\":\"Tych\u00e9 Company\",\"description\":\"\",\"publisher\":{\"@id\":\"https:\/\/tychecompany.fr\/#organization\"},\"alternateName\":\"Tych\u00e9 Company Voyages : facilitateur de vie et d\u2019envies.\",\"potentialAction\":[{\"@type\":\"SearchAction\",\"target\":{\"@type\":\"EntryPoint\",\"urlTemplate\":\"https:\/\/tychecompany.fr\/?s={search_term_string}\"},\"query-input\":{\"@type\":\"PropertyValueSpecification\",\"valueRequired\":true,\"valueName\":\"search_term_string\"}}],\"inLanguage\":\"en-US\"},{\"@type\":\"Organization\",\"@id\":\"https:\/\/tychecompany.fr\/#organization\",\"name\":\"Tych\u00e9 Company\",\"url\":\"https:\/\/tychecompany.fr\/\",\"logo\":{\"@type\":\"ImageObject\",\"inLanguage\":\"en-US\",\"@id\":\"https:\/\/tychecompany.fr\/#\/schema\/logo\/image\/\",\"url\":\"http:\/\/tychecompany.fr\/wp-content\/uploads\/2023\/11\/logo-tyche-company.png\",\"contentUrl\":\"http:\/\/tychecompany.fr\/wp-content\/uploads\/2023\/11\/logo-tyche-company.png\",\"width\":1427,\"height\":2096,\"caption\":\"Tych\u00e9 Company\"},\"image\":{\"@id\":\"https:\/\/tychecompany.fr\/#\/schema\/logo\/image\/\"}}]}<\/script>\n<!-- \/ Yoast SEO plugin. -->","yoast_head_json":{"title":"Mentions l\u00e9gales - Tych\u00e9 Company","robots":{"index":"noindex","follow":"follow"},"og_locale":"en_US","og_type":"article","og_title":"Mentions l\u00e9gales - Tych\u00e9 Company","og_description":"Mentions l\u00e9gales Ce site internet https:\/\/www.tychecompany.fr est la propri\u00e9t\u00e9 de Tych\u00e9 Company. Ce site web est la propri\u00e9t\u00e9 de Tych\u00e9 Company : SARL TYCHE COMPANYAdresse de domiciliation de l&#8217;entreprise : ABIDJAN DANS LA COMMUNE DE COCODY RIVIERA 4 CIAD-PRIMO PRES DE LA MOSQUEE lot: 38, ilot: 3 ; 11 BP; 1078 ABIDJAN 11Num\u00e9ros de t\u00e9l\u00e9phone :&#8211; Meggie : + 225 07 10 40 64 49&#8211; St\u00e9phanie : + 225 07 10 85 94 62Adresse mail : contact@tychecompany.fr Ce site web est la cr\u00e9ation de Bichettes Communication EI Bichettes CommunicationNum\u00e9ro de SIRET : 82224249100030Adresse de domiciliation de l&#8217;entreprise : 170 Avenue du col de l&#8217;Ange, 13420 G\u00e9menosNum\u00e9ro de t\u00e9l\u00e9phone : 06 27 66 13 85Adresse mail : hello@bichettescommunication.fr Ce site internet est h\u00e9berg\u00e9 par la soci\u00e9t\u00e9 OVH Il est h\u00e9berg\u00e9 par la soci\u00e9t\u00e9 OVHSite web : www.ovhcloud.comSAS immatricul\u00e9e au RCS de Lille : 424 761 419 0045Si\u00e8ge social : 2 rue Kellermann, 59100 Roubaix, FranceNum\u00e9ro de t\u00e9l\u00e9phone : 09 72 10 10 07","og_url":"http:\/\/tychecompany.fr\/index.php\/mentions-legales\/","og_site_name":"Tych\u00e9 Company","article_modified_time":"2023-12-20T15:09:08+00:00","twitter_card":"summary_large_image","twitter_misc":{"Est. reading time":"1 minute"},"schema":{"@context":"https:\/\/schema.org","@graph":[{"@type":"WebPage","@id":"http:\/\/tychecompany.fr\/index.php\/mentions-legales\/","url":"http:\/\/tychecompany.fr\/index.php\/mentions-legales\/","name":"Mentions l\u00e9gales - Tych\u00e9 Company","isPartOf":{"@id":"https:\/\/tychecompany.fr\/#website"},"datePublished":"2023-11-29T16:22:22+00:00","dateModified":"2023-12-20T15:09:08+00:00","breadcrumb":{"@id":"http:\/\/tychecompany.fr\/index.php\/mentions-legales\/#breadcrumb"},"inLanguage":"en-US","potentialAction":[{"@type":"ReadAction","target":["http:\/\/tychecompany.fr\/index.php\/mentions-legales\/"]}]},{"@type":"BreadcrumbList","@id":"http:\/\/tychecompany.fr\/index.php\/mentions-legales\/#breadcrumb","itemListElement":[{"@type":"ListItem","position":1,"name":"Home","item":"https:\/\/tychecompany.fr\/"},{"@type":"ListItem","position":2,"name":"Mentions l\u00e9gales"}]},{"@type":"WebSite","@id":"https:\/\/tychecompany.fr\/#website","url":"https:\/\/tychecompany.fr\/","name":"Tych\u00e9 Company","description":"","publisher":{"@id":"https:\/\/tychecompany.fr\/#organization"},"alternateName":"Tych\u00e9 Company Voyages : facilitateur de vie et d\u2019envies.","potentialAction":[{"@type":"SearchAction","target":{"@type":"EntryPoint","urlTemplate":"https:\/\/tychecompany.fr\/?s={search_term_string}"},"query-input":{"@type":"PropertyValueSpecification","valueRequired":true,"valueName":"search_term_string"}}],"inLanguage":"en-US"},{"@type":"Organization","@id":"https:\/\/tychecompany.fr\/#organization","name":"Tych\u00e9 Company","url":"https:\/\/tychecompany.fr\/","logo":{"@type":"ImageObject","inLanguage":"en-US","@id":"https:\/\/tychecompany.fr\/#\/schema\/logo\/image\/","url":"http:\/\/tychecompany.fr\/wp-content\/uploads\/2023\/11\/logo-tyche-company.png","contentUrl":"http:\/\/tychecompany.fr\/wp-content\/uploads\/2023\/11\/logo-tyche-company.png","width":1427,"height":2096,"caption":"Tych\u00e9 Company"},"image":{"@id":"https:\/\/tychecompany.fr\/#\/schema\/logo\/image\/"}}]}},"_links":{"self":[{"href":"http:\/\/tychecompany.fr\/index.php\/wp-json\/wp\/v2\/pages\/491","targetHints":{"allow":["GET"]}}],"collection":[{"href":"http:\/\/tychecompany.fr\/index.php\/wp-json\/wp\/v2\/pages"}],"about":[{"href":"http:\/\/tychecompany.fr\/index.php\/wp-json\/wp\/v2\/types\/page"}],"author":[{"embeddable":true,"href":"http:\/\/tychecompany.fr\/index.php\/wp-json\/wp\/v2\/users\/3"}],"replies":[{"embeddable":true,"href":"http:\/\/tychecompany.fr\/index.php\/wp-json\/wp\/v2\/comments?post=491"}],"version-history":[{"count":28,"href":"http:\/\/tychecompany.fr\/index.php\/wp-json\/wp\/v2\/pages\/491\/revisions"}],"predecessor-version":[{"id":1117,"href":"http:\/\/tychecompany.fr\/index.php\/wp-json\/wp\/v2\/pages\/491\/revisions\/1117"}],"wp:attachment":[{"href":"http:\/\/tychecompany.fr\/index.php\/wp-json\/wp\/v2\/media?parent=491"}],"curies":[{"name":"wp","href":"https:\/\/api.w.org\/{rel}","templated":true}]}}