{"id":42,"date":"2023-11-28T10:56:05","date_gmt":"2023-11-28T09:56:05","guid":{"rendered":"https:\/\/tychecompany.fr\/?page_id=42"},"modified":"2024-01-19T14:08:56","modified_gmt":"2024-01-19T13:08:56","slug":"contact","status":"publish","type":"page","link":"http:\/\/tychecompany.fr\/index.php\/contact\/","title":{"rendered":"Contact"},"content":{"rendered":"\t\t<div data-elementor-type=\"wp-page\" data-elementor-id=\"42\" class=\"elementor elementor-42\">\n\t\t\t\t<div class=\"elementor-element elementor-element-76f7b78 e-con-full e-flex wpr-particle-no wpr-jarallax-no wpr-parallax-no wpr-sticky-section-no e-con e-parent\" data-id=\"76f7b78\" data-element_type=\"container\">\n\t\t\t\t<div class=\"elementor-element elementor-element-fcc4b2c wpr-promo-box-style-cover elementor-widget elementor-widget-wpr-promo-box\" data-id=\"fcc4b2c\" data-element_type=\"widget\" data-widget_type=\"wpr-promo-box.default\">\n\t\t\t\t<div class=\"elementor-widget-container\">\n\t\t\t\t\t\n\t\t<div class=\"wpr-promo-box wpr-animation-wrap\">\n\n\t\t\t\t\t\t\t\n\t\t\t\t\t\t\t<div class=\"wpr-promo-box-image\">\n\t\t\t\t\t<div class=\"wpr-promo-box-bg-image wpr-bg-anim-none wpr-anim-timing-ease-default\" style=\"background-image:url(http:\/\/tychecompany.fr\/wp-content\/uploads\/2024\/01\/histoire-de-tyche-company-voyages.jpeg);\"><\/div>\n\t\t\t\t\t<div class=\"wpr-promo-box-bg-overlay wpr-border-anim-none\"><\/div>\n\t\t\t\t<\/div>\n\t\t\t\t\t\t\n\t\t\t<div class=\"wpr-promo-box-content\">\n\n\t\t\t\t\t\t\t\t<div class=\"wpr-promo-box-icon\">\n\t\t\t\t\t\t\t\t\t<\/div>\n\t\t\t\t\n\t\t\t\t<h1 class=\"wpr-promo-box-title\"><span>Contacter Tych\u00e9 Company<\/span><\/h1>\n\t\t\t\t\n\t\t\t\t\t\t\t<\/div>\n\n\t\t\t\t\t<\/div>\n\n\t\t\t\t\t\t<\/div>\n\t\t\t\t<\/div>\n\t\t\t\t<\/div>\n\t\t<div class=\"elementor-element elementor-element-6bc060f e-flex e-con-boxed wpr-particle-no wpr-jarallax-no wpr-parallax-no wpr-sticky-section-no e-con e-parent\" data-id=\"6bc060f\" data-element_type=\"container\">\n\t\t\t\t\t<div class=\"e-con-inner\">\n\t\t\t\t<div class=\"elementor-element elementor-element-7d04a02 elementor-widget elementor-widget-spacer\" data-id=\"7d04a02\" data-element_type=\"widget\" data-widget_type=\"spacer.default\">\n\t\t\t\t<div class=\"elementor-widget-container\">\n\t\t\t\t\t\t\t<div class=\"elementor-spacer\">\n\t\t\t<div class=\"elementor-spacer-inner\"><\/div>\n\t\t<\/div>\n\t\t\t\t\t\t<\/div>\n\t\t\t\t<\/div>\n\t\t\t\t<div class=\"elementor-element elementor-element-6f51434 elementor-widget elementor-widget-heading\" data-id=\"6f51434\" data-element_type=\"widget\" data-widget_type=\"heading.default\">\n\t\t\t\t<div class=\"elementor-widget-container\">\n\t\t\t\t\t<h2 class=\"elementor-heading-title elementor-size-default\">Vous avez des questions ou un projet de voyage en t\u00eate ? Discutons-en !\n<p>Tych\u00e9 Company est l\u00e0 pour r\u00e9pondre \u00e0 toutes vos demandes.<\/h2>\t\t\t\t<\/div>\n\t\t\t\t<\/div>\n\t\t\t\t<div class=\"elementor-element elementor-element-85ac155 elementor-widget elementor-widget-spacer\" data-id=\"85ac155\" data-element_type=\"widget\" data-widget_type=\"spacer.default\">\n\t\t\t\t<div class=\"elementor-widget-container\">\n\t\t\t\t\t\t\t<div class=\"elementor-spacer\">\n\t\t\t<div class=\"elementor-spacer-inner\"><\/div>\n\t\t<\/div>\n\t\t\t\t\t\t<\/div>\n\t\t\t\t<\/div>\n\t\t\t\t\t<\/div>\n\t\t\t\t<\/div>\n\t\t<div class=\"elementor-element elementor-element-951bdab e-flex e-con-boxed wpr-particle-no wpr-jarallax-no wpr-parallax-no wpr-sticky-section-no e-con e-parent\" data-id=\"951bdab\" data-element_type=\"container\">\n\t\t\t\t\t<div class=\"e-con-inner\">\n\t\t<div class=\"elementor-element elementor-element-cc357a5 e-con-full e-flex wpr-particle-no wpr-jarallax-no wpr-parallax-no wpr-sticky-section-no e-con e-child\" data-id=\"cc357a5\" data-element_type=\"container\">\n\t\t\t\t<div class=\"elementor-element elementor-element-1c6a572 wpr-forms-align-center wpr-forms-submit-justify elementor-widget elementor-widget-wpr-forms\" data-id=\"1c6a572\" data-element_type=\"widget\" data-widget_type=\"wpr-forms.default\">\n\t\t\t\t<div class=\"elementor-widget-container\">\n\t\t\t\t\t<div class=\"wpr-forms-container wpr-custom-chk-radio\">\n<div class=\"wpcf7 no-js\" id=\"wpcf7-f664-o1\" lang=\"en-US\" dir=\"ltr\" data-wpcf7-id=\"664\">\n<div class=\"screen-reader-response\"><p role=\"status\" aria-live=\"polite\" aria-atomic=\"true\"><\/p> <ul><\/ul><\/div>\n<form action=\"\/index.php\/wp-json\/wp\/v2\/pages\/42#wpcf7-f664-o1\" method=\"post\" class=\"wpcf7-form init\" aria-label=\"Contact form\" novalidate=\"novalidate\" data-status=\"init\">\n<div style=\"display: none;\">\n<input type=\"hidden\" name=\"_wpcf7\" value=\"664\" \/>\n<input type=\"hidden\" name=\"_wpcf7_version\" value=\"6.0.4\" \/>\n<input type=\"hidden\" name=\"_wpcf7_locale\" value=\"en_US\" \/>\n<input type=\"hidden\" name=\"_wpcf7_unit_tag\" value=\"wpcf7-f664-o1\" \/>\n<input type=\"hidden\" name=\"_wpcf7_container_post\" value=\"0\" \/>\n<input type=\"hidden\" name=\"_wpcf7_posted_data_hash\" value=\"\" \/>\n<\/div>\n<p><label><br \/>\n<span class=\"wpcf7-form-control-wrap\" data-name=\"nom\"><input size=\"40\" maxlength=\"400\" class=\"wpcf7-form-control wpcf7-text wpcf7-validates-as-required\" autocomplete=\"name\" aria-required=\"true\" aria-invalid=\"false\" placeholder=\"Nom\" value=\"\" type=\"text\" name=\"nom\" \/><\/span> <\/label>\n<\/p>\n<p><label><br \/>\n<span class=\"wpcf7-form-control-wrap\" data-name=\"email\"><input size=\"40\" maxlength=\"400\" class=\"wpcf7-form-control wpcf7-email wpcf7-validates-as-required wpcf7-text wpcf7-validates-as-email\" autocomplete=\"email\" aria-required=\"true\" aria-invalid=\"false\" placeholder=\"E-mail\" value=\"\" type=\"email\" name=\"email\" \/><\/span> <\/label>\n<\/p>\n<p><label><br \/>\n<span class=\"wpcf7-form-control-wrap\" data-name=\"telephone\"><input size=\"40\" maxlength=\"400\" class=\"wpcf7-form-control wpcf7-tel wpcf7-text wpcf7-validates-as-tel\" aria-invalid=\"false\" placeholder=\"Num\u00e9ro de t\u00e9l\u00e9phone\" value=\"\" type=\"tel\" name=\"telephone\" \/><\/span> <\/label>\n<\/p>\n<p><label><br \/>\n<span class=\"wpcf7-form-control-wrap\" data-name=\"objet\"><input size=\"40\" maxlength=\"400\" class=\"wpcf7-form-control wpcf7-text wpcf7-validates-as-required\" aria-required=\"true\" aria-invalid=\"false\" placeholder=\"Objet\" value=\"\" type=\"text\" name=\"objet\" \/><\/span> <\/label>\n<\/p>\n<p><label><br \/>\n<span class=\"wpcf7-form-control-wrap\" data-name=\"message\"><textarea cols=\"40\" rows=\"10\" maxlength=\"2000\" class=\"wpcf7-form-control wpcf7-textarea wpcf7-validates-as-required\" aria-required=\"true\" aria-invalid=\"false\" placeholder=\"Message\" name=\"message\"><\/textarea><\/span> <\/label>\n<\/p>\n<p><span class=\"wpcf7-form-control-wrap\" data-name=\"accept\"><span class=\"wpcf7-form-control wpcf7-acceptance\"><span class=\"wpcf7-list-item\"><label><input type=\"checkbox\" name=\"accept\" value=\"1\" aria-invalid=\"false\" \/><span class=\"wpcf7-list-item-label\">En cochant cette case, j'accepte la <a href=\/politique-de-confidentialite\/> <u> politique de confidentialit\u00e9 <\/u> <\/a><\/span><\/label><\/span><\/span><\/span>\n<\/p>\n<p><input class=\"wpcf7-form-control wpcf7-submit has-spinner\" type=\"submit\" value=\"Submit\" \/>\n<\/p><div class=\"wpcf7-response-output\" aria-hidden=\"true\"><\/div>\n<\/form>\n<\/div>\n<\/div>\t\t\t\t<\/div>\n\t\t\t\t<\/div>\n\t\t\t\t<\/div>\n\t\t<div class=\"elementor-element elementor-element-c4d2904 e-con-full e-flex wpr-particle-no wpr-jarallax-no wpr-parallax-no wpr-sticky-section-no e-con e-child\" data-id=\"c4d2904\" data-element_type=\"container\">\n\t\t\t\t<div class=\"elementor-element elementor-element-017ca9d elementor-widget elementor-widget-spacer\" data-id=\"017ca9d\" data-element_type=\"widget\" data-widget_type=\"spacer.default\">\n\t\t\t\t<div class=\"elementor-widget-container\">\n\t\t\t\t\t\t\t<div class=\"elementor-spacer\">\n\t\t\t<div class=\"elementor-spacer-inner\"><\/div>\n\t\t<\/div>\n\t\t\t\t\t\t<\/div>\n\t\t\t\t<\/div>\n\t\t\t\t<div class=\"elementor-element elementor-element-d38ee9d elementor-widget elementor-widget-spacer\" data-id=\"d38ee9d\" data-element_type=\"widget\" data-widget_type=\"spacer.default\">\n\t\t\t\t<div class=\"elementor-widget-container\">\n\t\t\t\t\t\t\t<div class=\"elementor-spacer\">\n\t\t\t<div class=\"elementor-spacer-inner\"><\/div>\n\t\t<\/div>\n\t\t\t\t\t\t<\/div>\n\t\t\t\t<\/div>\n\t\t\t\t<div class=\"elementor-element elementor-element-56f9169 elementor-widget elementor-widget-text-editor\" data-id=\"56f9169\" data-element_type=\"widget\" data-widget_type=\"text-editor.default\">\n\t\t\t\t<div class=\"elementor-widget-container\">\n\t\t\t\t\t\t\t\t\t<p>Nous appeler :<\/p>\t\t\t\t\t\t\t\t<\/div>\n\t\t\t\t<\/div>\n\t\t\t\t<div class=\"elementor-element elementor-element-b16654e elementor-widget elementor-widget-text-editor\" data-id=\"b16654e\" data-element_type=\"widget\" data-widget_type=\"text-editor.default\">\n\t\t\t\t<div class=\"elementor-widget-container\">\n\t\t\t\t\t\t\t\t\t<p>Meggie : +<span style=\"text-decoration: underline;\"><a href=\"tel:+2250710406449\"><span class=\"OYPEnA text-decoration-none text-strikethrough-none\">225 07 10 40 64 49<\/span><\/a><\/span><\/p><p>St\u00e9phanie : +<span style=\"text-decoration: underline;\"><a href=\"tel:+2250710859462\"><span class=\"OYPEnA text-decoration-none text-strikethrough-none\">225 07 10 85 94 62<\/span><\/a><\/span><\/p>\t\t\t\t\t\t\t\t<\/div>\n\t\t\t\t<\/div>\n\t\t\t\t<div class=\"elementor-element elementor-element-0e425ff elementor-widget elementor-widget-spacer\" data-id=\"0e425ff\" data-element_type=\"widget\" data-widget_type=\"spacer.default\">\n\t\t\t\t<div class=\"elementor-widget-container\">\n\t\t\t\t\t\t\t<div class=\"elementor-spacer\">\n\t\t\t<div class=\"elementor-spacer-inner\"><\/div>\n\t\t<\/div>\n\t\t\t\t\t\t<\/div>\n\t\t\t\t<\/div>\n\t\t\t\t<div class=\"elementor-element elementor-element-54a0c80 elementor-widget elementor-widget-text-editor\" data-id=\"54a0c80\" data-element_type=\"widget\" data-widget_type=\"text-editor.default\">\n\t\t\t\t<div class=\"elementor-widget-container\">\n\t\t\t\t\t\t\t\t\t<p>Nous \u00e9crire :<\/p><p><a style=\"background-color: #ffffff; font-size: 17px; font-weight: 400;\" href=\"mailto:contact@tychecompany.fr\"><span class=\"OYPEnA text-decoration-none text-strikethrough-none\">contact@tychecompany.fr<\/span><\/a><\/p><p>\u00a0<\/p>\t\t\t\t\t\t\t\t<\/div>\n\t\t\t\t<\/div>\n\t\t\t\t<div class=\"elementor-element elementor-element-80cc489 elementor-widget elementor-widget-spacer\" data-id=\"80cc489\" data-element_type=\"widget\" data-widget_type=\"spacer.default\">\n\t\t\t\t<div class=\"elementor-widget-container\">\n\t\t\t\t\t\t\t<div class=\"elementor-spacer\">\n\t\t\t<div class=\"elementor-spacer-inner\"><\/div>\n\t\t<\/div>\n\t\t\t\t\t\t<\/div>\n\t\t\t\t<\/div>\n\t\t\t\t<\/div>\n\t\t\t\t\t<\/div>\n\t\t\t\t<\/div>\n\t\t<div class=\"elementor-element elementor-element-caa6dbe e-flex e-con-boxed wpr-particle-no wpr-jarallax-no wpr-parallax-no wpr-sticky-section-no e-con e-parent\" data-id=\"caa6dbe\" data-element_type=\"container\">\n\t\t\t\t\t<div class=\"e-con-inner\">\n\t\t\t\t<div class=\"elementor-element elementor-element-98abb0c elementor-widget elementor-widget-spacer\" data-id=\"98abb0c\" data-element_type=\"widget\" data-widget_type=\"spacer.default\">\n\t\t\t\t<div class=\"elementor-widget-container\">\n\t\t\t\t\t\t\t<div class=\"elementor-spacer\">\n\t\t\t<div class=\"elementor-spacer-inner\"><\/div>\n\t\t<\/div>\n\t\t\t\t\t\t<\/div>\n\t\t\t\t<\/div>\n\t\t\t\t\t<\/div>\n\t\t\t\t<\/div>\n\t\t\t\t<\/div>\n\t\t","protected":false},"excerpt":{"rendered":"<p>Contacter Tych\u00e9 Company Vous avez des questions ou un projet de voyage en t\u00eate ? Discutons-en ! Tych\u00e9 Company est l\u00e0 pour r\u00e9pondre \u00e0 toutes vos demandes. En cochant cette case, j&#8217;accepte la politique de confidentialit\u00e9 Nous appeler : Meggie : +225 07 10 40 64 49 St\u00e9phanie : +225 07 10 85 94 62 Nous \u00e9crire : contact@tychecompany.fr \u00a0<\/p>\n","protected":false},"author":3,"featured_media":0,"parent":0,"menu_order":0,"comment_status":"closed","ping_status":"closed","template":"","meta":{"footnotes":""},"class_list":["post-42","page","type-page","status-publish","hentry"],"yoast_head":"<!-- This site is optimized with the Yoast SEO plugin v24.6 - https:\/\/yoast.com\/wordpress\/plugins\/seo\/ -->\n<title>Contact - Tych\u00e9 Company<\/title>\n<meta name=\"description\" content=\"Comment contacter Tych\u00e9 Company ? Sur la page contact ! Avec : n\u00b0 de t\u00e9l\u00e9phone de Meggie et St\u00e9phanie, adresse mail et formulaire de contact.\" \/>\n<meta name=\"robots\" content=\"index, follow, max-snippet:-1, max-image-preview:large, max-video-preview:-1\" \/>\n<link rel=\"canonical\" href=\"https:\/\/tychecompany.fr\/index.php\/contact\/\" \/>\n<meta property=\"og:locale\" content=\"en_US\" \/>\n<meta property=\"og:type\" content=\"article\" \/>\n<meta property=\"og:title\" content=\"Contact - Tych\u00e9 Company\" \/>\n<meta property=\"og:description\" content=\"Comment contacter Tych\u00e9 Company ? Sur la page contact ! Avec : n\u00b0 de t\u00e9l\u00e9phone de Meggie et St\u00e9phanie, adresse mail et formulaire de contact.\" \/>\n<meta property=\"og:url\" content=\"https:\/\/tychecompany.fr\/index.php\/contact\/\" \/>\n<meta property=\"og:site_name\" content=\"Tych\u00e9 Company\" \/>\n<meta property=\"article:modified_time\" content=\"2024-01-19T13:08:56+00:00\" \/>\n<meta name=\"twitter:card\" content=\"summary_large_image\" \/>\n<meta name=\"twitter:label1\" content=\"Est. reading time\" \/>\n\t<meta name=\"twitter:data1\" content=\"1 minute\" \/>\n<script type=\"application\/ld+json\" class=\"yoast-schema-graph\">{\"@context\":\"https:\/\/schema.org\",\"@graph\":[{\"@type\":\"WebPage\",\"@id\":\"https:\/\/tychecompany.fr\/index.php\/contact\/\",\"url\":\"https:\/\/tychecompany.fr\/index.php\/contact\/\",\"name\":\"Contact - Tych\u00e9 Company\",\"isPartOf\":{\"@id\":\"http:\/\/tychecompany.fr\/#website\"},\"datePublished\":\"2023-11-28T09:56:05+00:00\",\"dateModified\":\"2024-01-19T13:08:56+00:00\",\"description\":\"Comment contacter Tych\u00e9 Company ? Sur la page contact ! Avec : n\u00b0 de t\u00e9l\u00e9phone de Meggie et St\u00e9phanie, adresse mail et formulaire de contact.\",\"breadcrumb\":{\"@id\":\"https:\/\/tychecompany.fr\/index.php\/contact\/#breadcrumb\"},\"inLanguage\":\"en-US\",\"potentialAction\":[{\"@type\":\"ReadAction\",\"target\":[\"https:\/\/tychecompany.fr\/index.php\/contact\/\"]}]},{\"@type\":\"BreadcrumbList\",\"@id\":\"https:\/\/tychecompany.fr\/index.php\/contact\/#breadcrumb\",\"itemListElement\":[{\"@type\":\"ListItem\",\"position\":1,\"name\":\"Home\",\"item\":\"http:\/\/tychecompany.fr\/\"},{\"@type\":\"ListItem\",\"position\":2,\"name\":\"Contact\"}]},{\"@type\":\"WebSite\",\"@id\":\"http:\/\/tychecompany.fr\/#website\",\"url\":\"http:\/\/tychecompany.fr\/\",\"name\":\"Tych\u00e9 Company\",\"description\":\"\",\"publisher\":{\"@id\":\"http:\/\/tychecompany.fr\/#organization\"},\"alternateName\":\"Tych\u00e9 Company Voyages : facilitateur de vie et d\u2019envies.\",\"potentialAction\":[{\"@type\":\"SearchAction\",\"target\":{\"@type\":\"EntryPoint\",\"urlTemplate\":\"http:\/\/tychecompany.fr\/?s={search_term_string}\"},\"query-input\":{\"@type\":\"PropertyValueSpecification\",\"valueRequired\":true,\"valueName\":\"search_term_string\"}}],\"inLanguage\":\"en-US\"},{\"@type\":\"Organization\",\"@id\":\"http:\/\/tychecompany.fr\/#organization\",\"name\":\"Tych\u00e9 Company\",\"url\":\"http:\/\/tychecompany.fr\/\",\"logo\":{\"@type\":\"ImageObject\",\"inLanguage\":\"en-US\",\"@id\":\"http:\/\/tychecompany.fr\/#\/schema\/logo\/image\/\",\"url\":\"http:\/\/tychecompany.fr\/wp-content\/uploads\/2023\/11\/logo-tyche-company.png\",\"contentUrl\":\"http:\/\/tychecompany.fr\/wp-content\/uploads\/2023\/11\/logo-tyche-company.png\",\"width\":1427,\"height\":2096,\"caption\":\"Tych\u00e9 Company\"},\"image\":{\"@id\":\"http:\/\/tychecompany.fr\/#\/schema\/logo\/image\/\"}}]}<\/script>\n<!-- \/ Yoast SEO plugin. -->","yoast_head_json":{"title":"Contact - Tych\u00e9 Company","description":"Comment contacter Tych\u00e9 Company ? Sur la page contact ! Avec : n\u00b0 de t\u00e9l\u00e9phone de Meggie et St\u00e9phanie, adresse mail et formulaire de contact.","robots":{"index":"index","follow":"follow","max-snippet":"max-snippet:-1","max-image-preview":"max-image-preview:large","max-video-preview":"max-video-preview:-1"},"canonical":"https:\/\/tychecompany.fr\/index.php\/contact\/","og_locale":"en_US","og_type":"article","og_title":"Contact - Tych\u00e9 Company","og_description":"Comment contacter Tych\u00e9 Company ? Sur la page contact ! Avec : n\u00b0 de t\u00e9l\u00e9phone de Meggie et St\u00e9phanie, adresse mail et formulaire de contact.","og_url":"https:\/\/tychecompany.fr\/index.php\/contact\/","og_site_name":"Tych\u00e9 Company","article_modified_time":"2024-01-19T13:08:56+00:00","twitter_card":"summary_large_image","twitter_misc":{"Est. reading time":"1 minute"},"schema":{"@context":"https:\/\/schema.org","@graph":[{"@type":"WebPage","@id":"https:\/\/tychecompany.fr\/index.php\/contact\/","url":"https:\/\/tychecompany.fr\/index.php\/contact\/","name":"Contact - Tych\u00e9 Company","isPartOf":{"@id":"http:\/\/tychecompany.fr\/#website"},"datePublished":"2023-11-28T09:56:05+00:00","dateModified":"2024-01-19T13:08:56+00:00","description":"Comment contacter Tych\u00e9 Company ? Sur la page contact ! Avec : n\u00b0 de t\u00e9l\u00e9phone de Meggie et St\u00e9phanie, adresse mail et formulaire de contact.","breadcrumb":{"@id":"https:\/\/tychecompany.fr\/index.php\/contact\/#breadcrumb"},"inLanguage":"en-US","potentialAction":[{"@type":"ReadAction","target":["https:\/\/tychecompany.fr\/index.php\/contact\/"]}]},{"@type":"BreadcrumbList","@id":"https:\/\/tychecompany.fr\/index.php\/contact\/#breadcrumb","itemListElement":[{"@type":"ListItem","position":1,"name":"Home","item":"http:\/\/tychecompany.fr\/"},{"@type":"ListItem","position":2,"name":"Contact"}]},{"@type":"WebSite","@id":"http:\/\/tychecompany.fr\/#website","url":"http:\/\/tychecompany.fr\/","name":"Tych\u00e9 Company","description":"","publisher":{"@id":"http:\/\/tychecompany.fr\/#organization"},"alternateName":"Tych\u00e9 Company Voyages : facilitateur de vie et d\u2019envies.","potentialAction":[{"@type":"SearchAction","target":{"@type":"EntryPoint","urlTemplate":"http:\/\/tychecompany.fr\/?s={search_term_string}"},"query-input":{"@type":"PropertyValueSpecification","valueRequired":true,"valueName":"search_term_string"}}],"inLanguage":"en-US"},{"@type":"Organization","@id":"http:\/\/tychecompany.fr\/#organization","name":"Tych\u00e9 Company","url":"http:\/\/tychecompany.fr\/","logo":{"@type":"ImageObject","inLanguage":"en-US","@id":"http:\/\/tychecompany.fr\/#\/schema\/logo\/image\/","url":"http:\/\/tychecompany.fr\/wp-content\/uploads\/2023\/11\/logo-tyche-company.png","contentUrl":"http:\/\/tychecompany.fr\/wp-content\/uploads\/2023\/11\/logo-tyche-company.png","width":1427,"height":2096,"caption":"Tych\u00e9 Company"},"image":{"@id":"http:\/\/tychecompany.fr\/#\/schema\/logo\/image\/"}}]}},"_links":{"self":[{"href":"http:\/\/tychecompany.fr\/index.php\/wp-json\/wp\/v2\/pages\/42","targetHints":{"allow":["GET"]}}],"collection":[{"href":"http:\/\/tychecompany.fr\/index.php\/wp-json\/wp\/v2\/pages"}],"about":[{"href":"http:\/\/tychecompany.fr\/index.php\/wp-json\/wp\/v2\/types\/page"}],"author":[{"embeddable":true,"href":"http:\/\/tychecompany.fr\/index.php\/wp-json\/wp\/v2\/users\/3"}],"replies":[{"embeddable":true,"href":"http:\/\/tychecompany.fr\/index.php\/wp-json\/wp\/v2\/comments?post=42"}],"version-history":[{"count":151,"href":"http:\/\/tychecompany.fr\/index.php\/wp-json\/wp\/v2\/pages\/42\/revisions"}],"predecessor-version":[{"id":1502,"href":"http:\/\/tychecompany.fr\/index.php\/wp-json\/wp\/v2\/pages\/42\/revisions\/1502"}],"wp:attachment":[{"href":"http:\/\/tychecompany.fr\/index.php\/wp-json\/wp\/v2\/media?parent=42"}],"curies":[{"name":"wp","href":"https:\/\/api.w.org\/{rel}","templated":true}]}}