{"id":259,"date":"2023-11-29T14:31:51","date_gmt":"2023-11-29T13:31:51","guid":{"rendered":"https:\/\/tychecompany.fr\/?page_id=259"},"modified":"2024-01-04T16:08:23","modified_gmt":"2024-01-04T15:08:23","slug":"assistance-visa","status":"publish","type":"page","link":"http:\/\/tychecompany.fr\/index.php\/assistance-visa\/","title":{"rendered":"Assistance visa"},"content":{"rendered":"\t\t<div data-elementor-type=\"wp-page\" data-elementor-id=\"259\" class=\"elementor elementor-259\">\n\t\t\t\t<div class=\"elementor-element elementor-element-fffdd2b e-con-full e-flex wpr-particle-no wpr-jarallax-no wpr-parallax-no wpr-sticky-section-no e-con e-parent\" data-id=\"fffdd2b\" data-element_type=\"container\">\n\t\t\t\t<div class=\"elementor-element elementor-element-878b1d7 wpr-promo-box-style-cover elementor-widget elementor-widget-wpr-promo-box\" data-id=\"878b1d7\" data-element_type=\"widget\" data-widget_type=\"wpr-promo-box.default\">\n\t\t\t\t<div class=\"elementor-widget-container\">\n\t\t\t\t\t\n\t\t<div class=\"wpr-promo-box wpr-animation-wrap\">\n\n\t\t\t\t\t\t\t\n\t\t\t\t\t\t\t<div class=\"wpr-promo-box-image\">\n\t\t\t\t\t<div class=\"wpr-promo-box-bg-image wpr-bg-anim-none wpr-anim-timing-ease-default\" style=\"background-image:url(http:\/\/tychecompany.fr\/wp-content\/uploads\/2024\/01\/histoire-de-tyche-company-voyages.jpeg);\"><\/div>\n\t\t\t\t\t<div class=\"wpr-promo-box-bg-overlay wpr-border-anim-none\"><\/div>\n\t\t\t\t<\/div>\n\t\t\t\t\t\t\n\t\t\t<div class=\"wpr-promo-box-content\">\n\n\t\t\t\t\t\t\t\t<div class=\"wpr-promo-box-icon\">\n\t\t\t\t\t\t\t\t\t<\/div>\n\t\t\t\t\n\t\t\t\t<h1 class=\"wpr-promo-box-title\"><span>Assistance VISA<\/span><\/h1>\n\t\t\t\t\n\t\t\t\t\t\t\t<\/div>\n\n\t\t\t\t\t<\/div>\n\n\t\t\t\t\t\t<\/div>\n\t\t\t\t<\/div>\n\t\t\t\t<\/div>\n\t\t<div class=\"elementor-element elementor-element-89c3b46 e-flex e-con-boxed wpr-particle-no wpr-jarallax-no wpr-parallax-no wpr-sticky-section-no e-con e-parent\" data-id=\"89c3b46\" data-element_type=\"container\">\n\t\t\t\t\t<div class=\"e-con-inner\">\n\t\t\t\t<div class=\"elementor-element elementor-element-4706730 elementor-widget elementor-widget-spacer\" data-id=\"4706730\" data-element_type=\"widget\" data-widget_type=\"spacer.default\">\n\t\t\t\t<div class=\"elementor-widget-container\">\n\t\t\t\t\t\t\t<div class=\"elementor-spacer\">\n\t\t\t<div class=\"elementor-spacer-inner\"><\/div>\n\t\t<\/div>\n\t\t\t\t\t\t<\/div>\n\t\t\t\t<\/div>\n\t\t\t\t<div class=\"elementor-element elementor-element-b454a42 elementor-widget elementor-widget-text-editor\" data-id=\"b454a42\" data-element_type=\"widget\" data-widget_type=\"text-editor.default\">\n\t\t\t\t<div class=\"elementor-widget-container\">\n\t\t\t\t\t\t\t\t\t<p>Chez Tych\u00e9 Company&nbsp;<span style=\"color: #374151; font-family: S\u00f6hne, ui-sans-serif, system-ui, -apple-system, 'Segoe UI', Roboto, Ubuntu, Cantarell, 'Noto Sans', sans-serif, 'Helvetica Neue', Arial, 'Apple Color Emoji', 'Segoe UI Emoji', 'Segoe UI Symbol', 'Noto Color Emoji'; font-size: 16px; text-align: start; white-space-collapse: preserve; font-weight: var( --e-global-typography-text-font-weight );\">nous comprenons l&#8217;importance de la facilit\u00e9 et de la tranquillit\u00e9 d&#8217;esprit lors de la planification de vos voyages \u00e0 l&#8217;\u00e9tranger. C&#8217;est pourquoi nous sommes fiers de vous offrir notre expertise et notre assistance personnalis\u00e9e pour la cr\u00e9ation de vos visas. <\/span><\/p>\n<p><span style=\"color: #374151; font-family: S\u00f6hne, ui-sans-serif, system-ui, -apple-system, 'Segoe UI', Roboto, Ubuntu, Cantarell, 'Noto Sans', sans-serif, 'Helvetica Neue', Arial, 'Apple Color Emoji', 'Segoe UI Emoji', 'Segoe UI Symbol', 'Noto Color Emoji'; font-size: 16px; text-align: start; white-space-collapse: preserve;\">Nous comprenons que chaque destination a ses propres exigences en mati\u00e8re de visa, et le processus peut parfois sembler complexe. Notre \u00e9quipe d\u00e9vou\u00e9e est l\u00e0 pour simplifier ce processus, vous guidant \u00e9tape par \u00e9tape pour vous assurer d&#8217;obtenir rapidement et efficacement le visa dont vous avez besoin.<\/span><span style=\"color: #374151; font-family: S\u00f6hne, ui-sans-serif, system-ui, -apple-system, 'Segoe UI', Roboto, Ubuntu, Cantarell, 'Noto Sans', sans-serif, 'Helvetica Neue', Arial, 'Apple Color Emoji', 'Segoe UI Emoji', 'Segoe UI Symbol', 'Noto Color Emoji'; font-size: 16px; text-align: start; white-space-collapse: preserve; font-weight: var( --e-global-typography-text-font-weight );\"><br><\/span><\/p>\n<p><span style=\"color: #374151; font-family: S\u00f6hne, ui-sans-serif, system-ui, -apple-system, 'Segoe UI', Roboto, Ubuntu, Cantarell, 'Noto Sans', sans-serif, 'Helvetica Neue', Arial, 'Apple Color Emoji', 'Segoe UI Emoji', 'Segoe UI Symbol', 'Noto Color Emoji'; font-size: 16px; text-align: start; white-space-collapse: preserve;\">&nbsp;<\/span><span style=\"color: #374151; font-family: S\u00f6hne, ui-sans-serif, system-ui, -apple-system, 'Segoe UI', Roboto, Ubuntu, Cantarell, 'Noto Sans', sans-serif, 'Helvetica Neue', Arial, 'Apple Color Emoji', 'Segoe UI Emoji', 'Segoe UI Symbol', 'Noto Color Emoji'; font-size: 16px; text-align: start; white-space-collapse: preserve; font-weight: var( --e-global-typography-text-font-weight );\">En choisissant notre assistance visa, vous optez pour la tranquillit\u00e9 d&#8217;esprit. Nous nous occupons de toutes les formalit\u00e9s administratives, vous permettant de vous concentrer sur l&#8217;excitation de votre voyage \u00e0 venir. Notre engagement envers la qualit\u00e9 du service et la satisfaction du client vous assure une exp\u00e9rience fluide et sans tracas \u00e0 chaque \u00e9tape du processus de visa.<\/span><\/p>\n<p style=\"margin: 1.25em 0px; color: #374151; font-family: S\u00f6hne, ui-sans-serif, system-ui, -apple-system, 'Segoe UI', Roboto, Ubuntu, Cantarell, 'Noto Sans', sans-serif, 'Helvetica Neue', Arial, 'Apple Color Emoji', 'Segoe UI Emoji', 'Segoe UI Symbol', 'Noto Color Emoji'; font-size: 16px; text-align: start; white-space-collapse: preserve; border: 0px solid #d9d9e3; --tw-border-spacing-x: 0; --tw-border-spacing-y: 0; --tw-translate-x: 0; --tw-translate-y: 0; --tw-rotate: 0; --tw-skew-x: 0; --tw-skew-y: 0; --tw-scale-x: 1; --tw-scale-y: 1; --tw-scroll-snap-strictness: proximity; --tw-ring-offset-width: 0px; --tw-ring-offset-color: #fff; --tw-ring-color: rgba(69,89,164,.5); --tw-ring-offset-shadow: 0 0 transparent; --tw-ring-shadow: 0 0 transparent; --tw-shadow: 0 0 transparent; --tw-shadow-colored: 0 0 transparent;\">Ne laissez pas les formalit\u00e9s administratives g\u00e2cher l&#8217;anticipation de votre voyage. Confiez-nous la cr\u00e9ation de votre visa, et embarquez pour une aventure sans soucis. Chez Tych\u00e9 Company, nous sommes l\u00e0 pour faire de votre r\u00eave de voyage une r\u00e9alit\u00e9 sans tracas.<\/p>\n<p><span style=\"color: #374151; font-family: S\u00f6hne, ui-sans-serif, system-ui, -apple-system, 'Segoe UI', Roboto, Ubuntu, Cantarell, 'Noto Sans', sans-serif, 'Helvetica Neue', Arial, 'Apple Color Emoji', 'Segoe UI Emoji', 'Segoe UI Symbol', 'Noto Color Emoji'; font-size: 16px; text-align: start; white-space-collapse: preserve; font-weight: var( --e-global-typography-text-font-weight );\">Contactez-nous d\u00e8s aujourd&#8217;hui et laissez-nous vous guider \u00e0 travers le processus de cr\u00e9ation de visa. Bon voyage<\/span><span style=\"color: #374151; font-family: S\u00f6hne, ui-sans-serif, system-ui, -apple-system, 'Segoe UI', Roboto, Ubuntu, Cantarell, 'Noto Sans', sans-serif, 'Helvetica Neue', Arial, 'Apple Color Emoji', 'Segoe UI Emoji', 'Segoe UI Symbol', 'Noto Color Emoji'; font-size: 16px; text-align: start; white-space-collapse: preserve;\">&nbsp;!<\/span><\/p>\t\t\t\t\t\t\t\t<\/div>\n\t\t\t\t<\/div>\n\t\t\t\t\t<\/div>\n\t\t\t\t<\/div>\n\t\t<div class=\"elementor-element elementor-element-20b1591 e-flex e-con-boxed wpr-particle-no wpr-jarallax-no wpr-parallax-no wpr-sticky-section-no e-con e-parent\" data-id=\"20b1591\" data-element_type=\"container\">\n\t\t\t\t\t<div class=\"e-con-inner\">\n\t\t\t\t<div class=\"elementor-element elementor-element-61a696e elementor-widget elementor-widget-spacer\" data-id=\"61a696e\" data-element_type=\"widget\" data-widget_type=\"spacer.default\">\n\t\t\t\t<div class=\"elementor-widget-container\">\n\t\t\t\t\t\t\t<div class=\"elementor-spacer\">\n\t\t\t<div class=\"elementor-spacer-inner\"><\/div>\n\t\t<\/div>\n\t\t\t\t\t\t<\/div>\n\t\t\t\t<\/div>\n\t\t\t\t\t<\/div>\n\t\t\t\t<\/div>\n\t\t\t\t<\/div>\n\t\t","protected":false},"excerpt":{"rendered":"<p>Assistance VISA Chez Tych\u00e9 Company&nbsp;nous comprenons l&#8217;importance de la facilit\u00e9 et de la tranquillit\u00e9 d&#8217;esprit lors de la planification de vos voyages \u00e0 l&#8217;\u00e9tranger. C&#8217;est pourquoi nous sommes fiers de vous offrir notre expertise et notre assistance personnalis\u00e9e pour la cr\u00e9ation de vos visas. Nous comprenons que chaque destination a ses propres exigences en mati\u00e8re de visa, et le processus peut parfois sembler complexe. Notre \u00e9quipe d\u00e9vou\u00e9e est l\u00e0 pour simplifier ce processus, vous guidant \u00e9tape par \u00e9tape pour vous assurer d&#8217;obtenir rapidement et efficacement le visa dont vous avez besoin. &nbsp;En choisissant notre assistance visa, vous optez pour la tranquillit\u00e9 d&#8217;esprit. Nous nous occupons de toutes les formalit\u00e9s administratives, vous permettant de vous concentrer sur l&#8217;excitation de votre voyage \u00e0 venir. Notre engagement envers la qualit\u00e9 du service et la satisfaction du client vous assure une exp\u00e9rience fluide et sans tracas \u00e0 chaque \u00e9tape du processus de visa. Ne laissez pas les formalit\u00e9s administratives g\u00e2cher l&#8217;anticipation de votre voyage. Confiez-nous la cr\u00e9ation de votre visa, et embarquez pour une aventure sans soucis. Chez Tych\u00e9 Company, nous sommes l\u00e0 pour faire de votre r\u00eave de voyage une r\u00e9alit\u00e9 sans tracas. Contactez-nous d\u00e8s aujourd&#8217;hui et laissez-nous vous guider \u00e0 travers le processus de cr\u00e9ation de visa. Bon voyage&nbsp;!<\/p>\n","protected":false},"author":3,"featured_media":0,"parent":0,"menu_order":0,"comment_status":"closed","ping_status":"closed","template":"","meta":{"footnotes":""},"class_list":["post-259","page","type-page","status-publish","hentry"],"yoast_head":"<!-- This site is optimized with the Yoast SEO plugin v24.6 - https:\/\/yoast.com\/wordpress\/plugins\/seo\/ -->\n<title>Assistance visa - Tych\u00e9 Company<\/title>\n<meta name=\"robots\" content=\"index, follow, max-snippet:-1, max-image-preview:large, max-video-preview:-1\" \/>\n<link rel=\"canonical\" href=\"http:\/\/tychecompany.fr\/index.php\/assistance-visa\/\" \/>\n<meta property=\"og:locale\" content=\"en_US\" \/>\n<meta property=\"og:type\" content=\"article\" \/>\n<meta property=\"og:title\" content=\"Assistance visa - Tych\u00e9 Company\" \/>\n<meta property=\"og:description\" content=\"Assistance VISA Chez Tych\u00e9 Company&nbsp;nous comprenons l&#8217;importance de la facilit\u00e9 et de la tranquillit\u00e9 d&#8217;esprit lors de la planification de vos voyages \u00e0 l&#8217;\u00e9tranger. C&#8217;est pourquoi nous sommes fiers de vous offrir notre expertise et notre assistance personnalis\u00e9e pour la cr\u00e9ation de vos visas. Nous comprenons que chaque destination a ses propres exigences en mati\u00e8re de visa, et le processus peut parfois sembler complexe. Notre \u00e9quipe d\u00e9vou\u00e9e est l\u00e0 pour simplifier ce processus, vous guidant \u00e9tape par \u00e9tape pour vous assurer d&#8217;obtenir rapidement et efficacement le visa dont vous avez besoin. &nbsp;En choisissant notre assistance visa, vous optez pour la tranquillit\u00e9 d&#8217;esprit. Nous nous occupons de toutes les formalit\u00e9s administratives, vous permettant de vous concentrer sur l&#8217;excitation de votre voyage \u00e0 venir. Notre engagement envers la qualit\u00e9 du service et la satisfaction du client vous assure une exp\u00e9rience fluide et sans tracas \u00e0 chaque \u00e9tape du processus de visa. Ne laissez pas les formalit\u00e9s administratives g\u00e2cher l&#8217;anticipation de votre voyage. Confiez-nous la cr\u00e9ation de votre visa, et embarquez pour une aventure sans soucis. Chez Tych\u00e9 Company, nous sommes l\u00e0 pour faire de votre r\u00eave de voyage une r\u00e9alit\u00e9 sans tracas. Contactez-nous d\u00e8s aujourd&#8217;hui et laissez-nous vous guider \u00e0 travers le processus de cr\u00e9ation de visa. Bon voyage&nbsp;!\" \/>\n<meta property=\"og:url\" content=\"http:\/\/tychecompany.fr\/index.php\/assistance-visa\/\" \/>\n<meta property=\"og:site_name\" content=\"Tych\u00e9 Company\" \/>\n<meta property=\"article:modified_time\" content=\"2024-01-04T15:08:23+00:00\" \/>\n<meta name=\"twitter:card\" content=\"summary_large_image\" \/>\n<meta name=\"twitter:label1\" content=\"Est. reading time\" \/>\n\t<meta name=\"twitter:data1\" content=\"1 minute\" \/>\n<script type=\"application\/ld+json\" class=\"yoast-schema-graph\">{\"@context\":\"https:\/\/schema.org\",\"@graph\":[{\"@type\":\"WebPage\",\"@id\":\"http:\/\/tychecompany.fr\/index.php\/assistance-visa\/\",\"url\":\"http:\/\/tychecompany.fr\/index.php\/assistance-visa\/\",\"name\":\"Assistance visa - Tych\u00e9 Company\",\"isPartOf\":{\"@id\":\"http:\/\/tychecompany.fr\/#website\"},\"datePublished\":\"2023-11-29T13:31:51+00:00\",\"dateModified\":\"2024-01-04T15:08:23+00:00\",\"breadcrumb\":{\"@id\":\"http:\/\/tychecompany.fr\/index.php\/assistance-visa\/#breadcrumb\"},\"inLanguage\":\"en-US\",\"potentialAction\":[{\"@type\":\"ReadAction\",\"target\":[\"http:\/\/tychecompany.fr\/index.php\/assistance-visa\/\"]}]},{\"@type\":\"BreadcrumbList\",\"@id\":\"http:\/\/tychecompany.fr\/index.php\/assistance-visa\/#breadcrumb\",\"itemListElement\":[{\"@type\":\"ListItem\",\"position\":1,\"name\":\"Home\",\"item\":\"http:\/\/tychecompany.fr\/\"},{\"@type\":\"ListItem\",\"position\":2,\"name\":\"Assistance visa\"}]},{\"@type\":\"WebSite\",\"@id\":\"http:\/\/tychecompany.fr\/#website\",\"url\":\"http:\/\/tychecompany.fr\/\",\"name\":\"Tych\u00e9 Company\",\"description\":\"\",\"publisher\":{\"@id\":\"http:\/\/tychecompany.fr\/#organization\"},\"alternateName\":\"Tych\u00e9 Company Voyages : facilitateur de vie et d\u2019envies.\",\"potentialAction\":[{\"@type\":\"SearchAction\",\"target\":{\"@type\":\"EntryPoint\",\"urlTemplate\":\"http:\/\/tychecompany.fr\/?s={search_term_string}\"},\"query-input\":{\"@type\":\"PropertyValueSpecification\",\"valueRequired\":true,\"valueName\":\"search_term_string\"}}],\"inLanguage\":\"en-US\"},{\"@type\":\"Organization\",\"@id\":\"http:\/\/tychecompany.fr\/#organization\",\"name\":\"Tych\u00e9 Company\",\"url\":\"http:\/\/tychecompany.fr\/\",\"logo\":{\"@type\":\"ImageObject\",\"inLanguage\":\"en-US\",\"@id\":\"http:\/\/tychecompany.fr\/#\/schema\/logo\/image\/\",\"url\":\"http:\/\/tychecompany.fr\/wp-content\/uploads\/2023\/11\/logo-tyche-company.png\",\"contentUrl\":\"http:\/\/tychecompany.fr\/wp-content\/uploads\/2023\/11\/logo-tyche-company.png\",\"width\":1427,\"height\":2096,\"caption\":\"Tych\u00e9 Company\"},\"image\":{\"@id\":\"http:\/\/tychecompany.fr\/#\/schema\/logo\/image\/\"}}]}<\/script>\n<!-- \/ Yoast SEO plugin. -->","yoast_head_json":{"title":"Assistance visa - Tych\u00e9 Company","robots":{"index":"index","follow":"follow","max-snippet":"max-snippet:-1","max-image-preview":"max-image-preview:large","max-video-preview":"max-video-preview:-1"},"canonical":"http:\/\/tychecompany.fr\/index.php\/assistance-visa\/","og_locale":"en_US","og_type":"article","og_title":"Assistance visa - Tych\u00e9 Company","og_description":"Assistance VISA Chez Tych\u00e9 Company&nbsp;nous comprenons l&#8217;importance de la facilit\u00e9 et de la tranquillit\u00e9 d&#8217;esprit lors de la planification de vos voyages \u00e0 l&#8217;\u00e9tranger. C&#8217;est pourquoi nous sommes fiers de vous offrir notre expertise et notre assistance personnalis\u00e9e pour la cr\u00e9ation de vos visas. Nous comprenons que chaque destination a ses propres exigences en mati\u00e8re de visa, et le processus peut parfois sembler complexe. Notre \u00e9quipe d\u00e9vou\u00e9e est l\u00e0 pour simplifier ce processus, vous guidant \u00e9tape par \u00e9tape pour vous assurer d&#8217;obtenir rapidement et efficacement le visa dont vous avez besoin. &nbsp;En choisissant notre assistance visa, vous optez pour la tranquillit\u00e9 d&#8217;esprit. Nous nous occupons de toutes les formalit\u00e9s administratives, vous permettant de vous concentrer sur l&#8217;excitation de votre voyage \u00e0 venir. Notre engagement envers la qualit\u00e9 du service et la satisfaction du client vous assure une exp\u00e9rience fluide et sans tracas \u00e0 chaque \u00e9tape du processus de visa. Ne laissez pas les formalit\u00e9s administratives g\u00e2cher l&#8217;anticipation de votre voyage. Confiez-nous la cr\u00e9ation de votre visa, et embarquez pour une aventure sans soucis. Chez Tych\u00e9 Company, nous sommes l\u00e0 pour faire de votre r\u00eave de voyage une r\u00e9alit\u00e9 sans tracas. Contactez-nous d\u00e8s aujourd&#8217;hui et laissez-nous vous guider \u00e0 travers le processus de cr\u00e9ation de visa. Bon voyage&nbsp;!","og_url":"http:\/\/tychecompany.fr\/index.php\/assistance-visa\/","og_site_name":"Tych\u00e9 Company","article_modified_time":"2024-01-04T15:08:23+00:00","twitter_card":"summary_large_image","twitter_misc":{"Est. reading time":"1 minute"},"schema":{"@context":"https:\/\/schema.org","@graph":[{"@type":"WebPage","@id":"http:\/\/tychecompany.fr\/index.php\/assistance-visa\/","url":"http:\/\/tychecompany.fr\/index.php\/assistance-visa\/","name":"Assistance visa - Tych\u00e9 Company","isPartOf":{"@id":"http:\/\/tychecompany.fr\/#website"},"datePublished":"2023-11-29T13:31:51+00:00","dateModified":"2024-01-04T15:08:23+00:00","breadcrumb":{"@id":"http:\/\/tychecompany.fr\/index.php\/assistance-visa\/#breadcrumb"},"inLanguage":"en-US","potentialAction":[{"@type":"ReadAction","target":["http:\/\/tychecompany.fr\/index.php\/assistance-visa\/"]}]},{"@type":"BreadcrumbList","@id":"http:\/\/tychecompany.fr\/index.php\/assistance-visa\/#breadcrumb","itemListElement":[{"@type":"ListItem","position":1,"name":"Home","item":"http:\/\/tychecompany.fr\/"},{"@type":"ListItem","position":2,"name":"Assistance visa"}]},{"@type":"WebSite","@id":"http:\/\/tychecompany.fr\/#website","url":"http:\/\/tychecompany.fr\/","name":"Tych\u00e9 Company","description":"","publisher":{"@id":"http:\/\/tychecompany.fr\/#organization"},"alternateName":"Tych\u00e9 Company Voyages : facilitateur de vie et d\u2019envies.","potentialAction":[{"@type":"SearchAction","target":{"@type":"EntryPoint","urlTemplate":"http:\/\/tychecompany.fr\/?s={search_term_string}"},"query-input":{"@type":"PropertyValueSpecification","valueRequired":true,"valueName":"search_term_string"}}],"inLanguage":"en-US"},{"@type":"Organization","@id":"http:\/\/tychecompany.fr\/#organization","name":"Tych\u00e9 Company","url":"http:\/\/tychecompany.fr\/","logo":{"@type":"ImageObject","inLanguage":"en-US","@id":"http:\/\/tychecompany.fr\/#\/schema\/logo\/image\/","url":"http:\/\/tychecompany.fr\/wp-content\/uploads\/2023\/11\/logo-tyche-company.png","contentUrl":"http:\/\/tychecompany.fr\/wp-content\/uploads\/2023\/11\/logo-tyche-company.png","width":1427,"height":2096,"caption":"Tych\u00e9 Company"},"image":{"@id":"http:\/\/tychecompany.fr\/#\/schema\/logo\/image\/"}}]}},"_links":{"self":[{"href":"http:\/\/tychecompany.fr\/index.php\/wp-json\/wp\/v2\/pages\/259","targetHints":{"allow":["GET"]}}],"collection":[{"href":"http:\/\/tychecompany.fr\/index.php\/wp-json\/wp\/v2\/pages"}],"about":[{"href":"http:\/\/tychecompany.fr\/index.php\/wp-json\/wp\/v2\/types\/page"}],"author":[{"embeddable":true,"href":"http:\/\/tychecompany.fr\/index.php\/wp-json\/wp\/v2\/users\/3"}],"replies":[{"embeddable":true,"href":"http:\/\/tychecompany.fr\/index.php\/wp-json\/wp\/v2\/comments?post=259"}],"version-history":[{"count":25,"href":"http:\/\/tychecompany.fr\/index.php\/wp-json\/wp\/v2\/pages\/259\/revisions"}],"predecessor-version":[{"id":1435,"href":"http:\/\/tychecompany.fr\/index.php\/wp-json\/wp\/v2\/pages\/259\/revisions\/1435"}],"wp:attachment":[{"href":"http:\/\/tychecompany.fr\/index.php\/wp-json\/wp\/v2\/media?parent=259"}],"curies":[{"name":"wp","href":"https:\/\/api.w.org\/{rel}","templated":true}]}}